{"id":4045,"date":"2022-07-28T09:30:43","date_gmt":"2022-07-28T08:30:43","guid":{"rendered":"https:\/\/bestatterportal.ch\/protection-des-donnees\/"},"modified":"2023-10-26T09:54:32","modified_gmt":"2023-10-26T08:54:32","slug":"protection-des-donnees","status":"publish","type":"page","link":"https:\/\/bestatter.myls-staging.ch\/fr\/protection-des-donnees\/","title":{"rendered":"Protection des donn\u00e9es"},"content":{"rendered":"<div class=\"section  dot-bg hero\">\n      <div class=\"container-xl\">\n        <div class=\"row row-cols-1 row-cols-md-2 align-items-center\">\n          <div class=\"col\">\n            <div class=\"get-child-height\">\n              <img decoding=\"async\" class=\"img-oversized smaller\" src=\"https:\/\/bestatter.myls-staging.ch\/wp-content\/uploads\/2022\/11\/sonne.png\" alt=\"\">\n            <\/div>\n          <\/div>\n          <div class=\"col ps-lg-3 ps-xxl-5 text\">\n            <p class=\"newp\">\n                    Lieber Schatz            <\/p>\n            <h2 class=\" newh1\">\n            Danke f\u00fcr die unvergesslichen Abenteuer.            <\/h2>\n          <\/div>\n        <\/div>\n      <\/div>\n    <\/div> <div class=\"section img-text\">\n        <div class=\"container-xl\">\n          <div class=\"row row-cols-1 row-cols-lg-2 align-items-center img-left\">\n            <div class=\"col\"> <!-- Insert content from wp -->\n            \n                             <h1>\n                D\u00e9claration de confidentialit\u00e9              <\/h1>\n                             <p>\n               <h3>Remarque g\u00e9n\u00e9rale et informations obligatoires<\/h3>\n<h3>D\u00e9signation de l&rsquo;organisme responsable<\/h3>\n<p>  Le responsable du traitement des donn\u00e9es sur ce site est :<br \/> Association suisse des services fun\u00e9raires ASF<br \/> Messer Philippe<br \/>  Bureau<br \/>  3000 Berne<\/p>\n<p>  Le responsable d\u00e9cide, seul ou conjointement avec d&rsquo;autres, des finalit\u00e9s et des moyens du traitement des donn\u00e9es \u00e0 caract\u00e8re personnel (p. ex. noms, coordonn\u00e9es ou autres).<\/p>\n<h3>R\u00e9vocation de votre consentement au traitement des donn\u00e9es<\/h3>\n<p>  Certaines op\u00e9rations de traitement des donn\u00e9es ne sont possibles qu&rsquo;avec votre consentement explicite. Il est possible de r\u00e9voquer \u00e0 tout moment le consentement que vous avez d\u00e9j\u00e0 donn\u00e9. Pour la r\u00e9vocation, il suffit d&rsquo;envoyer un message informel par e-mail. La l\u00e9galit\u00e9 du traitement des donn\u00e9es effectu\u00e9 jusqu&rsquo;\u00e0 la r\u00e9vocation n&rsquo;est pas affect\u00e9e par la r\u00e9vocation.<\/p>\n<h3>Droit de recours aupr\u00e8s de l&rsquo;autorit\u00e9 de surveillance comp\u00e9tente<\/h3>\n<p>  Si vous \u00eates concern\u00e9 par le traitement de donn\u00e9es \u00e0 caract\u00e8re personnel, vous avez le droit de faire valoir vos droits en justice ou de d\u00e9poser une notification aupr\u00e8s de l&rsquo;autorit\u00e9 de surveillance comp\u00e9tente. L&rsquo;autorit\u00e9 de surveillance comp\u00e9tente en Suisse est le Pr\u00e9pos\u00e9 f\u00e9d\u00e9ral \u00e0 la protection des donn\u00e9es et \u00e0 la transparence : https:\/\/www.edoeb.admin.ch.<\/p>\n<h3>Droit \u00e0 la portabilit\u00e9 des donn\u00e9es<\/h3>\n<p>  Vous avez le droit de vous faire remettre ou de faire remettre \u00e0 des tiers les donn\u00e9es que nous traitons de mani\u00e8re automatis\u00e9e sur la base de votre consentement ou en ex\u00e9cution d&rsquo;un contrat. La mise \u00e0 disposition se fait dans un format lisible par une machine. Si vous demandez le transfert direct des donn\u00e9es \u00e0 un autre responsable, cela ne se fera que dans la mesure o\u00f9 cela est techniquement faisable.<\/p>\n<h3>Droit d&rsquo;acc\u00e8s, de rectification, de blocage et d&rsquo;effacement<\/h3>\n<p>  Dans le cadre des dispositions l\u00e9gales en vigueur, vous avez \u00e0 tout moment le droit d&rsquo;obtenir gratuitement des informations sur vos donn\u00e9es personnelles enregistr\u00e9es, l&rsquo;origine des donn\u00e9es, leurs destinataires et la finalit\u00e9 du traitement des donn\u00e9es et, le cas \u00e9ch\u00e9ant, un droit de rectification, de blocage ou de suppression de ces donn\u00e9es. \u00c0 ce sujet, ainsi que pour toute autre question relative aux donn\u00e9es personnelles, vous pouvez nous contacter \u00e0 tout moment via les possibilit\u00e9s de contact indiqu\u00e9es dans les mentions l\u00e9gales.<\/p>\n<h3>Chiffrement SSL ou TLS<\/h3>\n<p>  Pour des raisons de s\u00e9curit\u00e9 et afin de prot\u00e9ger la transmission de contenus confidentiels que vous nous envoyez en tant qu&rsquo;exploitant du site, notre site Internet utilise un protocole SSL ou une technologie de cryptage. cryptage TLS. Ainsi, les donn\u00e9es que vous transmettez via ce site web ne sont pas lisibles par des tiers. Vous reconnaissez une connexion crypt\u00e9e \u00e0 la ligne d&rsquo;adresse \u00ab\u00a0https:\/\/\u00a0\u00bb de votre navigateur et au symbole du cadenas dans la ligne du navigateur.<\/p>\n<h3>Fichiers journaux du serveur<\/h3>\n<p>  Dans les fichiers journaux du serveur, le fournisseur du site web collecte et enregistre automatiquement les informations que votre navigateur nous transmet automatiquement. Il s&rsquo;agit de<br \/>  Page visit\u00e9e sur notre domaine<br \/>  date et heure de la demande du serveur<br \/>  Type et version du navigateur<br \/>  Syst\u00e8me d&rsquo;exploitation utilis\u00e9<br \/>  URL de r\u00e9f\u00e9rence<br \/>  nom d&rsquo;h\u00f4te de l&rsquo;ordinateur qui acc\u00e8de au site<br \/>  Adresse IP<br \/>  Ces donn\u00e9es ne sont pas recoup\u00e9es avec d&rsquo;autres sources de donn\u00e9es. Le traitement des donn\u00e9es se fonde sur l&rsquo;art. 6, al. 1 lit. b du RGPD, qui autorise le traitement des donn\u00e9es pour l&rsquo;ex\u00e9cution d&rsquo;un contrat ou de mesures pr\u00e9contractuelles.<\/p>\n<h3>Transmission de donn\u00e9es lors de la conclusion d&rsquo;un contrat pour l&rsquo;achat et l&rsquo;exp\u00e9dition de marchandises<\/h3>\n<p>  Les donn\u00e9es personnelles ne sont transmises \u00e0 des tiers que si cela s&rsquo;av\u00e8re n\u00e9cessaire dans le cadre de l&rsquo;ex\u00e9cution du contrat. Les tiers peuvent \u00eatre, par exemple, des prestataires de services de paiement ou des entreprises de logistique. Une transmission ult\u00e9rieure des donn\u00e9es n&rsquo;a pas lieu ou uniquement si vous y avez express\u00e9ment consenti.<br \/>  La base du traitement des donn\u00e9es est l&rsquo;art. 6, al. 1 lit. b du RGPD, qui autorise le traitement des donn\u00e9es pour l&rsquo;ex\u00e9cution d&rsquo;un contrat ou de mesures pr\u00e9contractuelles.<\/p>\n<h3>Formulaire de contact<\/h3>\n<p>  Les donn\u00e9es transmises par le biais du formulaire de contact sont enregistr\u00e9es, y compris vos coordonn\u00e9es, afin de pouvoir traiter votre demande ou de r\u00e9pondre \u00e0 des questions de suivi. Ces donn\u00e9es ne sont pas transmises sans votre consentement.<br \/>  Le traitement des donn\u00e9es saisies dans le formulaire de contact s&rsquo;effectue exclusivement sur la base de votre consentement (article 6, paragraphe 1, point a du RGPD). Il est possible de r\u00e9voquer \u00e0 tout moment le consentement que vous avez d\u00e9j\u00e0 donn\u00e9. Pour la r\u00e9vocation, il suffit d&rsquo;envoyer un message informel par e-mail. La l\u00e9galit\u00e9 des op\u00e9rations de traitement des donn\u00e9es effectu\u00e9es jusqu&rsquo;\u00e0 la r\u00e9vocation n&rsquo;est pas affect\u00e9e par la r\u00e9vocation.<br \/>  Les donn\u00e9es transmises par le biais du formulaire de contact restent chez nous jusqu&rsquo;\u00e0 ce que vous nous demandiez de les supprimer, que vous r\u00e9voquiez votre consentement \u00e0 leur stockage ou qu&rsquo;il ne soit plus n\u00e9cessaire de les conserver. Les dispositions l\u00e9gales contraignantes &#8211; notamment les d\u00e9lais de conservation &#8211; ne sont pas affect\u00e9es.<\/p>\n<h3>YouTube<\/h3>\n<p>  Pour l&rsquo;int\u00e9gration et la repr\u00e9sentation de contenus vid\u00e9o, notre site Internet utilise des plugins de YouTube. Le fournisseur du portail vid\u00e9o est YouTube, LLC, 901 Cherry Ave., San Bruno, CA 94066, USA.<br \/>  Lorsqu&rsquo;une page avec un plugin YouTube int\u00e9gr\u00e9 est consult\u00e9e, une connexion est \u00e9tablie avec les serveurs de YouTube. YouTube est ainsi inform\u00e9 des pages que vous avez consult\u00e9es sur notre site.<br \/>  YouTube peut associer votre comportement de navigation directement \u00e0 votre profil personnel si vous \u00eates connect\u00e9 \u00e0 votre compte YouTube. En vous d\u00e9connectant au pr\u00e9alable, vous avez la possibilit\u00e9 d&#8217;emp\u00eacher cela.<br \/>  L&rsquo;utilisation de YouTube se fait dans l&rsquo;int\u00e9r\u00eat d&rsquo;une pr\u00e9sentation attrayante de nos offres en ligne. Cela constitue un int\u00e9r\u00eat l\u00e9gitime au sens de l&rsquo;article 6, paragraphe 1, de la directive sur la protection des donn\u00e9es. 1 lit. f du RGPD.<br \/>  Pour plus de d\u00e9tails sur le traitement des donn\u00e9es des utilisateurs, veuillez consulter la d\u00e9claration de confidentialit\u00e9 de YouTube \u00e0 l&rsquo;adresse suivante : https:\/\/www.google.de\/intl\/de\/policies\/privacy.<\/p>\n<h3>Cookies<\/h3>\n<p>  Notre site web utilise des cookies. Il s&rsquo;agit de petits fichiers texte que votre navigateur web enregistre sur votre terminal. Les cookies nous aident \u00e0 rendre notre offre plus conviviale, plus efficace et plus s\u00fbre.<br \/>  Certains cookies sont des \u00ab\u00a0cookies de session\u00a0\u00bb. Ces cookies sont supprim\u00e9s d&rsquo;eux-m\u00eames \u00e0 la fin de votre session de navigation. En revanche, d&rsquo;autres cookies restent sur votre terminal jusqu&rsquo;\u00e0 ce que vous les supprimiez vous-m\u00eame. De tels cookies nous aident \u00e0 vous reconna\u00eetre lorsque vous revenez sur notre site.<br \/>  Un navigateur web moderne vous permet de surveiller, de limiter ou d&#8217;emp\u00eacher l&rsquo;installation de cookies. De nombreux navigateurs web peuvent \u00eatre configur\u00e9s de mani\u00e8re \u00e0 ce que les cookies soient supprim\u00e9s d&rsquo;eux-m\u00eames \u00e0 la fermeture du programme. La d\u00e9sactivation des cookies peut entra\u00eener une fonctionnalit\u00e9 limit\u00e9e de notre site web.<br \/>  L&rsquo;installation de cookies n\u00e9cessaires \u00e0 l&rsquo;ex\u00e9cution de processus de communication \u00e9lectronique ou \u00e0 la mise \u00e0 disposition de certaines fonctions que vous souhaitez (par ex. panier d&rsquo;achat) s&rsquo;effectue sur la base de l&rsquo;art. 6, paragraphe 1, de la loi sur la protection des donn\u00e9es. 1 lit. f du RGPD. En tant qu&rsquo;exploitant de ce site web, nous avons un int\u00e9r\u00eat l\u00e9gitime \u00e0 l&rsquo;enregistrement de cookies pour une mise \u00e0 disposition de nos services sans erreurs techniques et sans probl\u00e8mes. Si d&rsquo;autres cookies sont install\u00e9s (par exemple pour des fonctions d&rsquo;analyse), ils sont trait\u00e9s s\u00e9par\u00e9ment dans la pr\u00e9sente d\u00e9claration de protection des donn\u00e9es.<\/p>\n<h3>Google Analytics<\/h3>\n<p>  Notre site web utilise des fonctions du service d&rsquo;analyse web Google Analytics. Le fournisseur de ce service d&rsquo;analyse web est Google Inc., 1600 Amphitheatre Parkway, Mountain View, CA 94043, USA.<br \/>  Google Analytics utilise des \u00ab\u00a0cookies\u00a0\u00bb. Il s&rsquo;agit de petits fichiers texte que votre navigateur web enregistre sur votre terminal et qui permettent d&rsquo;analyser l&rsquo;utilisation du site web. Les informations g\u00e9n\u00e9r\u00e9es par les cookies concernant votre utilisation de notre site web sont transmises \u00e0 un serveur de Google et y sont enregistr\u00e9es. En r\u00e8gle g\u00e9n\u00e9rale, le serveur est situ\u00e9 aux \u00c9tats-Unis.<br \/>  L&rsquo;installation des cookies de Google Analytics se fait sur la base de l&rsquo;article 6, paragraphe 6. 1 lit. f du RGPD. En tant qu&rsquo;exploitant de ce site web, nous avons un int\u00e9r\u00eat l\u00e9gitime \u00e0 analyser le comportement des utilisateurs afin d&rsquo;optimiser notre offre web et, le cas \u00e9ch\u00e9ant, notre publicit\u00e9.<\/p>\n<h3>Anonymisation des IP<\/h3>\n<p>  Nous utilisons Google Analytics en combinaison avec la fonction d&rsquo;anonymisation IP. Elle garantit que Google tronque votre adresse IP dans les \u00c9tats membres de l&rsquo;Union europ\u00e9enne ou dans d&rsquo;autres \u00c9tats parties \u00e0 l&rsquo;accord sur l&rsquo;Espace \u00e9conomique europ\u00e9en avant de la transmettre aux \u00c9tats-Unis. Il peut y avoir des cas exceptionnels dans lesquels Google transmet l&rsquo;adresse IP compl\u00e8te \u00e0 un serveur aux \u00c9tats-Unis et l&rsquo;y raccourcit. En notre nom, Google utilisera ces informations afin d&rsquo;\u00e9valuer votre utilisation du site, d&rsquo;\u00e9tablir des rapports sur les activit\u00e9s du site et de nous fournir d&rsquo;autres services li\u00e9s \u00e0 l&rsquo;utilisation du site et d&rsquo;Internet. Aucun regroupement de l&rsquo;adresse IP transmise par Google Analytics avec d&rsquo;autres donn\u00e9es de Google n&rsquo;a lieu.<\/p>\n<h3>Plugin de navigateur<\/h3>\n<p>  Il est possible d&#8217;emp\u00eacher l&rsquo;installation de cookies par votre navigateur web. Certaines fonctions de notre site web pourraient toutefois s&rsquo;en trouver limit\u00e9es. Vous pouvez \u00e9galement emp\u00eacher la collecte de donn\u00e9es relatives \u00e0 votre utilisation du site, y compris votre adresse IP, et leur traitement ult\u00e9rieur par Google. Cela est possible en t\u00e9l\u00e9chargeant et en installant le plug-in de navigateur accessible via le lien suivant : https:\/\/tools.google.com\/dlpage\/gaoptout?hl=de.<\/p>\n<h3>Opposition \u00e0 la collecte de donn\u00e9es<\/h3>\n<p>  Vous pouvez emp\u00eacher la collecte de vos donn\u00e9es par Google Analytics en cliquant sur le lien suivant. Un cookie opt-out sera install\u00e9 pour emp\u00eacher la collecte de vos donn\u00e9es lors de vos prochaines visites sur notre site : D\u00e9sactiver Google Analytics.<br \/>  Pour plus de d\u00e9tails sur la mani\u00e8re dont Google Analytics traite les donn\u00e9es des utilisateurs, veuillez consulter la d\u00e9claration de confidentialit\u00e9 de Google : https:\/\/support.google.com\/analytics\/answer\/6004245?hl=de.<\/p>\n<h3>Traitement des commandes<\/h3>\n<p>  Afin de satisfaire pleinement aux exigences l\u00e9gales en mati\u00e8re de protection des donn\u00e9es, nous avons conclu un contrat de traitement des commandes avec Google.<\/p>\n<h3>Caract\u00e9ristiques d\u00e9mographiques dans Google Analytics<\/h3>\n<p>  Notre site utilise la fonction \u00ab\u00a0caract\u00e9ristiques d\u00e9mographiques\u00a0\u00bb de Google Analytics. Elle permet de cr\u00e9er des rapports contenant des informations sur l&rsquo;\u00e2ge, le sexe et les int\u00e9r\u00eats des visiteurs du site. Ces donn\u00e9es proviennent de la publicit\u00e9 cibl\u00e9e par centres d&rsquo;int\u00e9r\u00eat de Google ainsi que de donn\u00e9es de visiteurs de fournisseurs tiers. Il n&rsquo;est pas possible d&rsquo;attribuer les donn\u00e9es \u00e0 une personne en particulier. Vous pouvez d\u00e9sactiver cette fonction \u00e0 tout moment. Cela est possible via les param\u00e8tres des annonces dans votre compte Google ou en interdisant de mani\u00e8re g\u00e9n\u00e9rale la collecte de vos donn\u00e9es par Google Analytics, comme expliqu\u00e9 au point \u00ab\u00a0Opposition \u00e0 la collecte de donn\u00e9es\u00a0\u00bb.<\/p>\n<h3>Google AdSense<\/h3>\n<p>  Notre site web utilise Google AdSense. Le fournisseur est Google Inc., 1600 Amphitheatre Parkway, Mountain View, CA 94043, USA.<br \/>  Google AdSense sert \u00e0 int\u00e9grer des annonces publicitaires et place des cookies. Les cookies sont de petits fichiers texte que votre navigateur web enregistre sur votre terminal afin d&rsquo;analyser l&rsquo;utilisation du site web. Google AdSense utilise \u00e9galement des balises web. Les balises web sont des graphiques invisibles qui permettent d&rsquo;analyser le trafic des visiteurs sur notre site.<br \/>  Les informations g\u00e9n\u00e9r\u00e9es par les cookies et les balises web sont transmises aux serveurs de Google et y sont stock\u00e9es. Le serveur est situ\u00e9 aux \u00c9tats-Unis. Google peut partager ces informations avec des partenaires contractuels. Toutefois, Google ne recoupera pas votre adresse IP avec toute autre donn\u00e9e enregistr\u00e9e \u00e0 votre sujet.<br \/>  Le stockage des cookies AdSense s&rsquo;effectue sur la base de l&rsquo;art. 6 al. 1 lit. f du RGPD. En tant qu&rsquo;exploitant du site web, nous avons un int\u00e9r\u00eat l\u00e9gitime \u00e0 analyser le comportement des utilisateurs afin d&rsquo;optimiser notre offre web et notre publicit\u00e9.<br \/>  Un navigateur web moderne vous permet de contr\u00f4ler, de limiter et d&#8217;emp\u00eacher l&rsquo;installation de cookies. La d\u00e9sactivation des cookies peut entra\u00eener une fonctionnalit\u00e9 limit\u00e9e de notre site web. En utilisant notre site Internet, vous acceptez que les donn\u00e9es collect\u00e9es \u00e0 votre sujet par Google soient trait\u00e9es de la mani\u00e8re et aux fins d\u00e9crites pr\u00e9c\u00e9demment.<\/p>\n<h3>Google AdWords et suivi des conversions de Google<\/h3>\n<p>  Notre site web utilise Google AdWords. Le fournisseur est Google Inc., 1600 Amphitheatre Parkway, Mountain View, CA 94043, United States.<br \/>  AdWords est un programme de publicit\u00e9 en ligne. Dans le cadre du programme de publicit\u00e9 en ligne, nous travaillons avec le suivi des conversions. Apr\u00e8s un clic sur une annonce diffus\u00e9e par Google, un cookie est plac\u00e9 pour le suivi des conversions. Les cookies sont de petits fichiers texte que votre navigateur web enregistre sur votre terminal. Les cookies Google AdWords perdent leur validit\u00e9 apr\u00e8s 30 jours et ne servent pas \u00e0 identifier personnellement les utilisateurs. Le cookie permet \u00e0 Google et \u00e0 nous-m\u00eames de reconna\u00eetre que vous avez cliqu\u00e9 sur une annonce et que vous avez \u00e9t\u00e9 redirig\u00e9 vers notre site web.<br \/>  Chaque client Google AdWords re\u00e7oit un cookie diff\u00e9rent. Les cookies ne peuvent pas \u00eatre suivis via les sites web des clients AdWords. Les cookies de conversion permettent d&rsquo;\u00e9tablir des statistiques de conversion pour les clients AdWords qui utilisent le suivi des conversions. Les clients Adwords apprennent combien d&rsquo;utilisateurs ont cliqu\u00e9 sur leur annonce et ont \u00e9t\u00e9 redirig\u00e9s vers des pages dot\u00e9es d&rsquo;un tag de suivi des conversions. Les clients AdWords ne re\u00e7oivent toutefois pas d&rsquo;informations permettant d&rsquo;identifier personnellement les utilisateurs. Si vous ne souhaitez pas participer au tracking, vous pouvez vous opposer \u00e0 son utilisation. Dans ce cas, le cookie de conversion doit \u00eatre d\u00e9sactiv\u00e9 dans les param\u00e8tres utilisateur du navigateur. Ainsi, il n&rsquo;y a pas non plus d&rsquo;enregistrement dans les statistiques de suivi des conversions.<br \/>  Le stockage des \u00ab\u00a0cookies de conversion\u00a0\u00bb est effectu\u00e9 sur la base de l&rsquo;article 6, paragraphe 6, de la loi sur la protection des donn\u00e9es. 1 lit. f du RGPD. En tant qu&rsquo;exploitant du site web, nous avons un int\u00e9r\u00eat l\u00e9gitime \u00e0 analyser le comportement des utilisateurs afin d&rsquo;optimiser notre offre web et notre publicit\u00e9.<br \/>  Pour plus de d\u00e9tails sur Google AdWords et Google Conversion-Tracking, veuillez consulter les r\u00e8gles de confidentialit\u00e9 de Google : https:\/\/www.google.de\/policies\/privacy\/.<br \/>  Un navigateur web moderne vous permet de contr\u00f4ler, de limiter ou d&#8217;emp\u00eacher l&rsquo;installation de cookies. La d\u00e9sactivation des cookies peut entra\u00eener une fonctionnalit\u00e9 limit\u00e9e de notre site web.<\/p>\n<h3>Google Fonts Web<\/h3>\n<p>  Notre site web utilise des polices web de Google. Le fournisseur est Google Inc., 1600 Amphitheatre Parkway, Mountain View, CA 94043, USA.<br \/>  Gr\u00e2ce \u00e0 l&rsquo;utilisation de ces polices web, il est possible de vous pr\u00e9senter la repr\u00e9sentation de notre site web que nous souhaitons, ind\u00e9pendamment des polices dont vous disposez localement. Cela se fait par l&rsquo;appel des Google Web Fonts d&rsquo;un serveur de Google aux \u00c9tats-Unis et la transmission de vos donn\u00e9es \u00e0 Google qui en d\u00e9coule. Il s&rsquo;agit de votre adresse IP et de la page que vous avez visit\u00e9e sur notre site. L&rsquo;utilisation de Google Web Fonts se fait sur la base de l&rsquo;art. 6 al. 1 lit. f du RGPD. En tant qu&rsquo;exploitant de ce site web, nous avons un int\u00e9r\u00eat l\u00e9gitime \u00e0 la pr\u00e9sentation et \u00e0 la transmission optimales de notre pr\u00e9sence sur le web.<br \/>  L&rsquo;entreprise Google est certifi\u00e9e par l&rsquo;accord europ\u00e9en sur la protection des donn\u00e9es \u00ab\u00a0Privacy Shield\u00a0\u00bb. Cette convention sur la protection des donn\u00e9es vise \u00e0 garantir le respect du niveau de protection des donn\u00e9es en vigueur dans l&rsquo;UE.<br \/>  Vous trouverez des d\u00e9tails sur Google Web Fonts \u00e0 l&rsquo;adresse suivante : https:\/\/www.google.com\/fonts#AboutPlace:about et des informations compl\u00e9mentaires dans les r\u00e8gles de confidentialit\u00e9 de Google : https:\/\/policies.google.com\/privacy\/partners?hl=de<\/p>\n              <\/p>\n            <\/div>\n            <div class=\"col\">\n              <div class=\"get-child-height\">\n                     <img decoding=\"async\"    src=\"https:\/\/bestatter.myls-staging.ch\/wp-content\/uploads\/2021\/08\/fleck1-min.png\" alt=\"Schweiz. Verband der Bestattungsdienste Une \u00e9claboussure de peinture verte sur fond blanc.\" class=\"img-oversized\"\/>\n                 \n              <\/div>\n            <\/div>\n          <\/div>\n        <\/div>\n         <style type=\"text\/css\">\n       .h1{\n            color:  !important;\n            font-size: px !important;\n            }\n        \n        \n    <\/style>\n      <\/div>\n \n   ","protected":false},"excerpt":{"rendered":"<p>Liebes Mami Die Spazierg\u00e4nge im Park haben mir immer sehr viel bedeutet.<\/p>\n","protected":false},"author":6,"featured_media":0,"parent":0,"menu_order":0,"comment_status":"closed","ping_status":"closed","template":"","meta":{"_acf_changed":false,"ep_latitude":0,"ep_longitude":0,"ep_address":"","ep_exclude_from_search":false,"_vp_format_video_url":"","_vp_image_focal_point":[],"footnotes":""},"class_list":["post-4045","page","type-page","status-publish","hentry"],"acf":{"font":"","background_shape":"type3"},"_links":{"self":[{"href":"https:\/\/bestatter.myls-staging.ch\/fr\/wp-json\/wp\/v2\/pages\/4045","targetHints":{"allow":["GET"]}}],"collection":[{"href":"https:\/\/bestatter.myls-staging.ch\/fr\/wp-json\/wp\/v2\/pages"}],"about":[{"href":"https:\/\/bestatter.myls-staging.ch\/fr\/wp-json\/wp\/v2\/types\/page"}],"author":[{"embeddable":true,"href":"https:\/\/bestatter.myls-staging.ch\/fr\/wp-json\/wp\/v2\/users\/6"}],"replies":[{"embeddable":true,"href":"https:\/\/bestatter.myls-staging.ch\/fr\/wp-json\/wp\/v2\/comments?post=4045"}],"version-history":[{"count":0,"href":"https:\/\/bestatter.myls-staging.ch\/fr\/wp-json\/wp\/v2\/pages\/4045\/revisions"}],"wp:attachment":[{"href":"https:\/\/bestatter.myls-staging.ch\/fr\/wp-json\/wp\/v2\/media?parent=4045"}],"curies":[{"name":"wp","href":"https:\/\/api.w.org\/{rel}","templated":true}]}}